{"id":9045,"date":"2026-01-01T15:41:16","date_gmt":"2026-01-01T14:41:16","guid":{"rendered":"https:\/\/feuerwehr-vaihingen.de\/?page_id=9045"},"modified":"2026-01-01T15:41:58","modified_gmt":"2026-01-01T14:41:58","slug":"einsaetze-2026","status":"publish","type":"page","link":"https:\/\/feuerwehr-vaihingen.de\/?page_id=9045","title":{"rendered":"Eins\u00e4tze 2026"},"content":{"rendered":"\n<span>F\u00fcr den gew\u00e4hlten Zeitraum stehen keine Einsatzberichte zur Verf\u00fcgung.<\/span>\n\n\n\n<p><\/p>\n","protected":false},"excerpt":{"rendered":"","protected":false},"author":1,"featured_media":0,"parent":23,"menu_order":10,"comment_status":"closed","ping_status":"closed","template":"","meta":{"footnotes":""},"class_list":["post-9045","page","type-page","status-publish","hentry"],"_links":{"self":[{"href":"https:\/\/feuerwehr-vaihingen.de\/index.php?rest_route=\/wp\/v2\/pages\/9045","targetHints":{"allow":["GET"]}}],"collection":[{"href":"https:\/\/feuerwehr-vaihingen.de\/index.php?rest_route=\/wp\/v2\/pages"}],"about":[{"href":"https:\/\/feuerwehr-vaihingen.de\/index.php?rest_route=\/wp\/v2\/types\/page"}],"author":[{"embeddable":true,"href":"https:\/\/feuerwehr-vaihingen.de\/index.php?rest_route=\/wp\/v2\/users\/1"}],"replies":[{"embeddable":true,"href":"https:\/\/feuerwehr-vaihingen.de\/index.php?rest_route=%2Fwp%2Fv2%2Fcomments&post=9045"}],"version-history":[{"count":1,"href":"https:\/\/feuerwehr-vaihingen.de\/index.php?rest_route=\/wp\/v2\/pages\/9045\/revisions"}],"predecessor-version":[{"id":9046,"href":"https:\/\/feuerwehr-vaihingen.de\/index.php?rest_route=\/wp\/v2\/pages\/9045\/revisions\/9046"}],"up":[{"embeddable":true,"href":"https:\/\/feuerwehr-vaihingen.de\/index.php?rest_route=\/wp\/v2\/pages\/23"}],"wp:attachment":[{"href":"https:\/\/feuerwehr-vaihingen.de\/index.php?rest_route=%2Fwp%2Fv2%2Fmedia&parent=9045"}],"curies":[{"name":"wp","href":"https:\/\/api.w.org\/{rel}","templated":true}]}}