{"id":21,"date":"2014-07-04T14:13:26","date_gmt":"2014-07-04T12:13:26","guid":{"rendered":"http:\/\/feuerwehr-vaihingen.de\/wp2\/?page_id=21"},"modified":"2016-03-22T13:44:05","modified_gmt":"2016-03-22T12:44:05","slug":"jugendfeuerwehr-2","status":"publish","type":"page","link":"https:\/\/feuerwehr-vaihingen.de\/?page_id=21","title":{"rendered":"Jugendfeuerwehr"},"content":{"rendered":"<p style=\"color: #000000;\"><a href=\"http:\/\/feuerwehr-vaihingen.de\/wp2\/wp-content\/uploads\/2014\/07\/JF-Logo.jpg\"><img loading=\"lazy\" decoding=\"async\" class=\"alignright wp-image-486\" src=\"http:\/\/feuerwehr-vaihingen.de\/wp2\/wp-content\/uploads\/2014\/07\/JF-Logo-230x300.jpg\" alt=\"JF Logo\" width=\"148\" height=\"193\" srcset=\"https:\/\/feuerwehr-vaihingen.de\/wo2\/wp-content\/uploads\/2014\/07\/JF-Logo-230x300.jpg 230w, https:\/\/feuerwehr-vaihingen.de\/wo2\/wp-content\/uploads\/2014\/07\/JF-Logo-768x1003.jpg 768w, https:\/\/feuerwehr-vaihingen.de\/wo2\/wp-content\/uploads\/2014\/07\/JF-Logo-784x1024.jpg 784w\" sizes=\"auto, (max-width: 148px) 100vw, 148px\" \/><\/a><\/p>\n<p>Die Jugendfeuerwehr Vaihingen ist die Jugendgruppe der Freiwilligen Feuerwehr Stuttgart, Abteilung Vaihingen.<br \/>\nJugendliche zwischen 10 und 17 Jahren k\u00f6nnen bei der Jugendfeuerwehr Mitglied werden.<br \/>\nIm Moment besteht die Jugendfeuerwehr Vaihingen aus 16 Jungen und M\u00e4dchen, die mit viel Spa\u00df und Interesse an \u00dcbungen und sonstigen Aktivit\u00e4ten teilnehmen.<\/p>\n<p>Gegr\u00fcndet wurde die Jugendgruppe im Jahr 1965 und feierte im Jahr 2015 ihr 50-J\u00e4hriges Jubil\u00e4um!<br \/>\nAls erste Jugendgruppe in der Landeshauptstadt Stuttgart, legte Sie auch den Grundstein f\u00fcr die Jugendfeuerwehr Stuttgart, welche dadurch ebenfalls Ihr 50-J\u00e4hriges Jubil\u00e4um feiern kann.<\/p>\n<p>Feuerwehrtechnische \u00dcbungen und Unterrichte, aber auch Sport, Spiele und Freizeitaktivit\u00e4ten geh\u00f6ren zum Programm der Jugendfeuerwehr. Im Mittelpunkt steht dabei immer der Spa\u00df und die \u201eFaszination Feuerwehr\u201c, die die Jugendlichen und die Jugendleiter miteinander teilen.<\/p>\n<p>Wir f\u00fchren jedes Jahr die verschiedensten spannenden Aktionen durch.<br \/>\nNeben einer \u00dcbung in einem Abrisshaus oder einer \u201ehei\u00dfen \u00dcbung\u201c mit echtem Feuer, besichtigten wir beispielsweise die Flughafenfeuerwehr Stuttgart oder unternehmen einen Ausflug in ein Erlebnisbad. In den Schulferien organisieren wir<br \/>\njedes Jahr eine Jugendfreizeit und verbringen gemeinsam eine Woche.<\/p>\n<p>M\u00f6chtest Du auch zur Jugendfeuerwehr? Wir freuen uns immer \u00fcber Verst\u00e4rkungen! Wir treffen uns jeden zweiten Dienstag um 18.30 Uhr im Feuerwehrhaus Stuttgart-Vaihingen, Bachstra\u00dfe 6. Die genauen Termine findest Du in unserem\u00a0<a href=\"http:\/\/feuerwehr-vaihingen.de\/wo2\/?page_id=62\">Dienstplan der Jugendfeuerwehr<\/a>. Dort sind auch die Kontaktdaten der Jugendleiter zu finden, die f\u00fcr R\u00fcckfragen gerne zur Verf\u00fcgung stehen.<\/p>\n","protected":false},"excerpt":{"rendered":"<p>Die Jugendfeuerwehr Vaihingen ist die Jugendgruppe der Freiwilligen Feuerwehr Stuttgart, Abteilung Vaihingen. Jugendliche zwischen 10 und 17 Jahren k\u00f6nnen bei der Jugendfeuerwehr Mitglied werden. Im Moment besteht die Jugendfeuerwehr Vaihingen aus 16 Jungen und M\u00e4dchen, die mit viel Spa\u00df und&#8230;<br \/><a class=\"read-more-button\" href=\"https:\/\/feuerwehr-vaihingen.de\/?page_id=21\">Mehr Lesen<\/a><\/p>\n","protected":false},"author":1,"featured_media":0,"parent":0,"menu_order":2,"comment_status":"closed","ping_status":"open","template":"","meta":{"footnotes":""},"class_list":["post-21","page","type-page","status-publish","hentry"],"_links":{"self":[{"href":"https:\/\/feuerwehr-vaihingen.de\/index.php?rest_route=\/wp\/v2\/pages\/21","targetHints":{"allow":["GET"]}}],"collection":[{"href":"https:\/\/feuerwehr-vaihingen.de\/index.php?rest_route=\/wp\/v2\/pages"}],"about":[{"href":"https:\/\/feuerwehr-vaihingen.de\/index.php?rest_route=\/wp\/v2\/types\/page"}],"author":[{"embeddable":true,"href":"https:\/\/feuerwehr-vaihingen.de\/index.php?rest_route=\/wp\/v2\/users\/1"}],"replies":[{"embeddable":true,"href":"https:\/\/feuerwehr-vaihingen.de\/index.php?rest_route=%2Fwp%2Fv2%2Fcomments&post=21"}],"version-history":[{"count":8,"href":"https:\/\/feuerwehr-vaihingen.de\/index.php?rest_route=\/wp\/v2\/pages\/21\/revisions"}],"predecessor-version":[{"id":2268,"href":"https:\/\/feuerwehr-vaihingen.de\/index.php?rest_route=\/wp\/v2\/pages\/21\/revisions\/2268"}],"wp:attachment":[{"href":"https:\/\/feuerwehr-vaihingen.de\/index.php?rest_route=%2Fwp%2Fv2%2Fmedia&parent=21"}],"curies":[{"name":"wp","href":"https:\/\/api.w.org\/{rel}","templated":true}]}}