{"id":2,"date":"2014-07-04T11:39:32","date_gmt":"2014-07-04T11:39:32","guid":{"rendered":"http:\/\/feuerwehr-vaihingen.de\/wp2\/?page_id=2"},"modified":"2017-07-24T08:27:45","modified_gmt":"2017-07-24T06:27:45","slug":"beispiel-seite","status":"publish","type":"page","link":"https:\/\/feuerwehr-vaihingen.de\/?page_id=2","title":{"rendered":"Einsatzabteilung"},"content":{"rendered":"<p>Die Freiwillige Feuerwehrabteilung Vaihingen ist eine von 24 Freiwilligen Feuerwehrabteilungen der Feuerwehr Stuttgart. Die Stuttgarter Freiwilligen Feuerwehrabteilungen sind unverzichtbarer Bestandteil des <a href=\"http:\/\/feuerwehr-vaihingen.de\/wp2\/wp-content\/uploads\/2014\/07\/FF-Vaihingen-Logo2.jpg\" rel=\"attachment wp-att-10\"><img loading=\"lazy\" decoding=\"async\" class=\"alignright size-medium wp-image-10\" src=\"http:\/\/feuerwehr-vaihingen.de\/wp2\/wp-content\/uploads\/2014\/07\/FF-Vaihingen-Logo2-247x300.jpg\" alt=\"FF Vaihingen Logo\" width=\"247\" height=\"300\" srcset=\"https:\/\/feuerwehr-vaihingen.de\/wo2\/wp-content\/uploads\/2014\/07\/FF-Vaihingen-Logo2-247x300.jpg 247w, https:\/\/feuerwehr-vaihingen.de\/wo2\/wp-content\/uploads\/2014\/07\/FF-Vaihingen-Logo2-846x1024.jpg 846w\" sizes=\"auto, (max-width: 247px) 100vw, 247px\" \/><\/a>Einsatzkonzepts der Feuerwehr Stuttgart. Dies gilt insbesondere f\u00fcr die Erf\u00fcllung der Pflichtaufgaben Brandbek\u00e4mpfung und Technische Rettung. Hierzu k\u00f6nnen die rein ehrenamtlich t\u00e4tigen Frauen und M\u00e4nner der Freiwilligen Feuerwehrabteilungen jederzeit \u00fcber Funkmeldeempf\u00e4nger alarmiert werden.<\/p>\n<p>Die Freiwillige Feuerwehrabteilung Vaihingen ist prim\u00e4r f\u00fcr einen Ausr\u00fcckebereich von 23,4 km\u00b2 verantwortlich. Dieser wird begrenzt von der Autobahn A8, beinhaltet den Universit\u00e4tsbereich Vaihingen, geht weiter entlang der Bundesstra\u00dfe B14 bis zum Beginn des Heslacher Tunnels, enth\u00e4lt Kaltental und st\u00f6\u00dft mit der Nord-S\u00fcd Stra\u00dfe wieder auf die Autobahn A8. Etwa 60.000 Menschen wohnen und arbeiten in diesem sehr unterschiedlich strukturierten Bereich. Entsprechend vielf\u00e4ltig sind die zu meisternden Gefahrenlagen im Bereich Wohnen, Dienstleistung, Industrie, Verkehr und Wissenschaft.<\/p>\n<p>In dem dargestellten Ausr\u00fcckebereich wird die Freiwillige Feuerwehrabteilung Vaihingen zu den meisten Eins\u00e4tzen parallel zur zust\u00e4ndigen Feuerwache der Berufsfeuerwehr \u00fcber Funkmeldeempf\u00e4nger alarmiert. Das Einsatzkonzept ber\u00fccksichtigt dabei ein m\u00f6glichst schnelles Heranf\u00fchren von Einsatzkr\u00e4ften bei zeitkritischen Eins\u00e4tzen. Daher werden die Stuttgarter Freiwilligen Feuerwehrabteilungen in ihrem jeweiligen Ausr\u00fcckebereich zu allen Brandereignissen und Eins\u00e4tzen der Technischen Rettung (z.B. Verkehrsunfall, Betriebsunfall) alarmiert.<\/p>\n<p>Weiterhin sind Eins\u00e4tze abzudecken die eine erhebliche Anzahl von Einsatzkr\u00e4ften binden oder besonderes Ger\u00e4t erfordern. Dabei spielen die Grenzen des Ausr\u00fcckebereichs oftmals keine Rolle mehr. Beispiele hierzu sind Hilfeleistungseins\u00e4tze nach Sturm oder Unwetter, gr\u00f6\u00dfere Gefahrstoffunf\u00e4lle oder Eins\u00e4tze in unterirdischen Verkehrsanlagen.<\/p>\n<p>Die Ausstattung der Freiwilligen Feuerwehrabteilung, aber auch allgemein einer jeden Feuerwehr, orientiert sich an dem bereits dargestellten Einsatzspektrum, der Gr\u00f6\u00dfe des Ausr\u00fcckebereichs, der Anzahl der zu sch\u00fctzenden Menschen, der Art der Bebauung, sowie der Anzahl der Eins\u00e4tze. Die Ausstattung der Freiwilligen Feuerwehrabteilung Vaihingen orientiert sich an den Hauptaufgaben Brandbek\u00e4mpfung und Technische Rettung. Die Fahrzeuge sind im Einzelnen unter dem Punkt Technik dargestellt.<\/p>\n<p>Rund 60 Frauen und M\u00e4nner sind ehrenamtlich in der\u00a0Einsatzabtielung\u00a0der Freiwilligen Feuerwehrabteilung Vaihingen t\u00e4tig. Diese Frauen und M\u00e4nner bereiten sich bei \u00dcbungen und Ausbildungen auf das Einsatzgeschehen vor und r\u00fccken jederzeit im Notfall aus. Dabei sind sie an 365 Tagen im Jahr, 24 Stunden am Tag, \u00fcber Funkmeldeempf\u00e4nger erreichbar.Jedes Jahr werden von den Frauen und M\u00e4nnern der Freiwilligen Feuerwehrabteilung Vaihingen etwa 14.000 Stunden ehrenamtlicher Feuerwehrdienst geleistet. Feuerwehrdienst bedeutet Ausbildung, Pflege von Ger\u00e4ten, Fahrzeugen und Geb\u00e4ude, Vorf\u00fchrungen, Einsatz, Betreuung der Jugendgruppe, sowie Brandschutzerziehung. Um einen Anhaltspunkt zu bekommen was 14.000 Stunden geleisteter Dienst bedeuten, kann man diese Zahl durch 365 Tage und 24 Stunden teilen. Demnach w\u00e4ren st\u00e4ndig 1,5 Menschen bei der Abteilung Vaihingen besch\u00e4ftigt. Gerechnet auf eine 40 Stunden Woche mit 30 Tagen Urlaub pro Jahr erg\u00e4ben sich 7,8 Besch\u00e4ftigte \u2013 zur Erinnerung unsere T\u00e4tigkeit ist ehrenamtlich.<\/p>\n<p>&nbsp;<\/p>\n<p style=\"color: #000000;\">\n","protected":false},"excerpt":{"rendered":"<p>Die Freiwillige Feuerwehrabteilung Vaihingen ist eine von 24 Freiwilligen Feuerwehrabteilungen der Feuerwehr Stuttgart. Die Stuttgarter Freiwilligen Feuerwehrabteilungen sind unverzichtbarer Bestandteil des Einsatzkonzepts der Feuerwehr Stuttgart. Dies gilt insbesondere f\u00fcr die Erf\u00fcllung der Pflichtaufgaben Brandbek\u00e4mpfung und Technische Rettung. Hierzu k\u00f6nnen die&#8230;<br \/><a class=\"read-more-button\" href=\"https:\/\/feuerwehr-vaihingen.de\/?page_id=2\">Mehr Lesen<\/a><\/p>\n","protected":false},"author":1,"featured_media":0,"parent":0,"menu_order":1,"comment_status":"closed","ping_status":"open","template":"","meta":{"footnotes":""},"class_list":["post-2","page","type-page","status-publish","hentry"],"_links":{"self":[{"href":"https:\/\/feuerwehr-vaihingen.de\/index.php?rest_route=\/wp\/v2\/pages\/2","targetHints":{"allow":["GET"]}}],"collection":[{"href":"https:\/\/feuerwehr-vaihingen.de\/index.php?rest_route=\/wp\/v2\/pages"}],"about":[{"href":"https:\/\/feuerwehr-vaihingen.de\/index.php?rest_route=\/wp\/v2\/types\/page"}],"author":[{"embeddable":true,"href":"https:\/\/feuerwehr-vaihingen.de\/index.php?rest_route=\/wp\/v2\/users\/1"}],"replies":[{"embeddable":true,"href":"https:\/\/feuerwehr-vaihingen.de\/index.php?rest_route=%2Fwp%2Fv2%2Fcomments&post=2"}],"version-history":[{"count":6,"href":"https:\/\/feuerwehr-vaihingen.de\/index.php?rest_route=\/wp\/v2\/pages\/2\/revisions"}],"predecessor-version":[{"id":57,"href":"https:\/\/feuerwehr-vaihingen.de\/index.php?rest_route=\/wp\/v2\/pages\/2\/revisions\/57"}],"wp:attachment":[{"href":"https:\/\/feuerwehr-vaihingen.de\/index.php?rest_route=%2Fwp%2Fv2%2Fmedia&parent=2"}],"curies":[{"name":"wp","href":"https:\/\/api.w.org\/{rel}","templated":true}]}}