{"id":15,"date":"2014-07-04T14:12:20","date_gmt":"2014-07-04T12:12:20","guid":{"rendered":"http:\/\/feuerwehr-vaihingen.de\/wp2\/?page_id=15"},"modified":"2015-12-15T13:55:32","modified_gmt":"2015-12-15T12:55:32","slug":"jugendfeuerwehr","status":"publish","type":"page","link":"https:\/\/feuerwehr-vaihingen.de\/?page_id=15","title":{"rendered":"Brandschutzerziehung"},"content":{"rendered":"<p>J\u00e4hrlich werden die Feuerwehren in Baden-W\u00fcrttemberg zu 25.000 Br\u00e4nden und Fehlalarmen gerufen.<\/p>\n<p>In der Bundesrepublik kommen j\u00e4hrlich 700 bis 800 Menschen durch Feuer um, in Baden-W\u00fcrttemberg etwa 100 \u2013 davon \u00fcber 10 Prozent Kinder.<\/p>\n<p>Unermessliches menschliches Leid und ein j\u00e4hrlicher volkswirtschaftlicher Schaden zwischen 3 und 3,5 Milliarden Euro sind die Folge. Viele Br\u00e4nde entstehen durch Unachtsamkeit und Unwissenheit. Brandschutzerziehung und Aufkl\u00e4rung sind nicht nur f\u00fcr die Feuerwehren eine wichtige Aufgabe, die fl\u00e4chendeckend erf\u00fcllt werden muss.<\/p>\n<p>Allerdings ist in einem der gr\u00f6\u00dften Bundesl\u00e4nder dazu die Feuerwehr alleine nicht in der Lage; Erzieherinnen und Erzieher in den Kinderg\u00e4rten m\u00fcssen diesen Auftrag ebenso eigenst\u00e4ndig umsetzen k\u00f6nnen wie Lehrerinnen und Lehrer in den Schulen oder die Eltern.<\/p>\n<p>So entstand ein zweigleisiges Konzept, bei dem die Feuerwehren den Erziehungsauftrag von Eltern, Schulen und Kindergarten erg\u00e4nzen.<\/p>\n<p>Brandschutzerziehung( at )feuerwehr-vaihingen.de<\/p>\n","protected":false},"excerpt":{"rendered":"<p>J\u00e4hrlich werden die Feuerwehren in Baden-W\u00fcrttemberg zu 25.000 Br\u00e4nden und Fehlalarmen gerufen. In der Bundesrepublik kommen j\u00e4hrlich 700 bis 800 Menschen durch Feuer um, in Baden-W\u00fcrttemberg etwa 100 \u2013 davon \u00fcber 10 Prozent Kinder. Unermessliches menschliches Leid und ein j\u00e4hrlicher&#8230;<br \/><a class=\"read-more-button\" href=\"https:\/\/feuerwehr-vaihingen.de\/?page_id=15\">Mehr Lesen<\/a><\/p>\n","protected":false},"author":1,"featured_media":0,"parent":0,"menu_order":3,"comment_status":"closed","ping_status":"open","template":"","meta":{"footnotes":""},"class_list":["post-15","page","type-page","status-publish","hentry"],"_links":{"self":[{"href":"https:\/\/feuerwehr-vaihingen.de\/index.php?rest_route=\/wp\/v2\/pages\/15","targetHints":{"allow":["GET"]}}],"collection":[{"href":"https:\/\/feuerwehr-vaihingen.de\/index.php?rest_route=\/wp\/v2\/pages"}],"about":[{"href":"https:\/\/feuerwehr-vaihingen.de\/index.php?rest_route=\/wp\/v2\/types\/page"}],"author":[{"embeddable":true,"href":"https:\/\/feuerwehr-vaihingen.de\/index.php?rest_route=\/wp\/v2\/users\/1"}],"replies":[{"embeddable":true,"href":"https:\/\/feuerwehr-vaihingen.de\/index.php?rest_route=%2Fwp%2Fv2%2Fcomments&post=15"}],"version-history":[{"count":6,"href":"https:\/\/feuerwehr-vaihingen.de\/index.php?rest_route=\/wp\/v2\/pages\/15\/revisions"}],"predecessor-version":[{"id":492,"href":"https:\/\/feuerwehr-vaihingen.de\/index.php?rest_route=\/wp\/v2\/pages\/15\/revisions\/492"}],"wp:attachment":[{"href":"https:\/\/feuerwehr-vaihingen.de\/index.php?rest_route=%2Fwp%2Fv2%2Fmedia&parent=15"}],"curies":[{"name":"wp","href":"https:\/\/api.w.org\/{rel}","templated":true}]}}